{"id":5414,"date":"2023-09-05T17:30:03","date_gmt":"2023-09-05T15:30:03","guid":{"rendered":"https:\/\/pricing.one\/?page_id=5414"},"modified":"2024-09-29T11:08:46","modified_gmt":"2024-09-29T09:08:46","slug":"benefices-pour-les-detaillants","status":"publish","type":"page","link":"https:\/\/pricing.one\/fr\/services\/benefices-pour-les-detaillants\/","title":{"rendered":"B\u00e9n\u00e9fices pour les d\u00e9taillants"},"content":{"rendered":"\t\t<div data-elementor-type=\"wp-page\" data-elementor-id=\"5414\" class=\"elementor elementor-5414 elementor-5413\" data-elementor-post-type=\"page\">\n\t\t\t\t\t\t<section class=\"elementor-section elementor-top-section elementor-element elementor-element-e072a20 elementor-section-content-middle elementor-section-boxed elementor-section-height-default elementor-section-height-default\" data-id=\"e072a20\" data-element_type=\"section\" data-e-type=\"section\" data-settings=\"{&quot;background_background&quot;:&quot;classic&quot;,&quot;sticky&quot;:&quot;top&quot;,&quot;sticky_on&quot;:[&quot;desktop&quot;],&quot;sticky_offset&quot;:0,&quot;sticky_effects_offset&quot;:0,&quot;sticky_anchor_link_offset&quot;:0}\">\n\t\t\t\t\t\t<div class=\"elementor-container elementor-column-gap-default\">\n\t\t\t\t\t<div class=\"elementor-column elementor-col-50 elementor-top-column elementor-element elementor-element-df0781b\" data-id=\"df0781b\" data-element_type=\"column\" data-e-type=\"column\">\n\t\t\t<div class=\"elementor-widget-wrap elementor-element-populated\">\n\t\t\t\t\t\t<div class=\"elementor-element elementor-element-f4c6a59 elementor-invisible elementor-widget elementor-widget-text-editor\" data-id=\"f4c6a59\" data-element_type=\"widget\" data-e-type=\"widget\" data-settings=\"{&quot;_animation&quot;:&quot;fadeInLeft&quot;}\" data-widget_type=\"text-editor.default\">\n\t\t\t\t<div class=\"elementor-widget-container\">\n\t\t\t\t\t\t\t\t\t<h1>Plan d&rsquo;ex\u00e9cution <strong><span style=\"color: #00a097;\">par enseigne\/canal de distribution<\/span><\/strong><\/h1>\t\t\t\t\t\t\t\t<\/div>\n\t\t\t\t<\/div>\n\t\t\t\t<div class=\"elementor-element elementor-element-d7bade3 elementor-invisible elementor-widget elementor-widget-text-editor\" data-id=\"d7bade3\" data-element_type=\"widget\" data-e-type=\"widget\" data-settings=\"{&quot;_animation&quot;:&quot;fadeInLeft&quot;,&quot;_animation_delay&quot;:200}\" data-widget_type=\"text-editor.default\">\n\t\t\t\t<div class=\"elementor-widget-container\">\n\t\t\t\t\t\t\t\t\t<p><strong>Nous traduisons la strat\u00e9gie RGM (Revenue Growth Management) en plans d&rsquo;ex\u00e9cution sp\u00e9cifiques \u00e0 chaque enseignes\/canals de distribution, stimulant la Croissance de la Cat\u00e9gorie et les Marges Commerciales.<\/strong><\/p><p>Nous connaissons l&rsquo;importance cruciale de politiques de vente efficaces pour dynamiser le processus et assurer le succ\u00e8s des ventes. Notre objectif est de doter votre \u00e9quipe commerciale des outils et des connaissances indispensables pour optimiser le potentiel de vos produits sur le march\u00e9, renfor\u00e7ant ainsi votre r\u00e9seau de distribution et stimulant les ventes en magasin dans une approche gagnant-gagnant le consommateur &#8211; l&rsquo;industriel et le distributeur (Triple Win RGM\u2122)<\/p>\t\t\t\t\t\t\t\t<\/div>\n\t\t\t\t<\/div>\n\t\t\t\t\t<\/div>\n\t\t<\/div>\n\t\t\t\t<div class=\"elementor-column elementor-col-50 elementor-top-column elementor-element elementor-element-5c7fd16\" data-id=\"5c7fd16\" data-element_type=\"column\" data-e-type=\"column\">\n\t\t\t<div class=\"elementor-widget-wrap elementor-element-populated\">\n\t\t\t\t\t\t<div class=\"elementor-element elementor-element-eeb7bcc elementor-widget elementor-widget-image\" data-id=\"eeb7bcc\" data-element_type=\"widget\" data-e-type=\"widget\" data-widget_type=\"image.default\">\n\t\t\t\t<div class=\"elementor-widget-container\">\n\t\t\t\t\t\t\t\t\t\t\t\t<figure class=\"wp-caption\">\n\t\t\t\t\t\t\t\t\t\t<img fetchpriority=\"high\" decoding=\"async\" width=\"768\" height=\"312\" src=\"https:\/\/pricing.one\/wp-content\/uploads\/2023\/09\/p1-retailer-plan-768x312.png\" class=\"attachment-medium_large size-medium_large wp-image-5442\" alt=\"PricingOne Retailer Plan\" srcset=\"https:\/\/pricing.one\/wp-content\/uploads\/2023\/09\/p1-retailer-plan-768x312.png 768w, https:\/\/pricing.one\/wp-content\/uploads\/2023\/09\/p1-retailer-plan-300x122.png 300w, https:\/\/pricing.one\/wp-content\/uploads\/2023\/09\/p1-retailer-plan-1024x416.png 1024w, https:\/\/pricing.one\/wp-content\/uploads\/2023\/09\/p1-retailer-plan-1536x624.png 1536w, https:\/\/pricing.one\/wp-content\/uploads\/2023\/09\/p1-retailer-plan-2048x832.png 2048w\" sizes=\"(max-width: 768px) 100vw, 768px\" \/>\t\t\t\t\t\t\t\t\t\t\t<figcaption class=\"widget-image-caption wp-caption-text\"><\/figcaption>\n\t\t\t\t\t\t\t\t\t\t<\/figure>\n\t\t\t\t\t\t\t\t\t<\/div>\n\t\t\t\t<\/div>\n\t\t\t\t\t<\/div>\n\t\t<\/div>\n\t\t\t\t\t<\/div>\n\t\t<\/section>\n\t\t\t\t<section class=\"elementor-section elementor-top-section elementor-element elementor-element-ce6b90c elementor-section-content-middle elementor-section-boxed elementor-section-height-default elementor-section-height-default\" data-id=\"ce6b90c\" data-element_type=\"section\" data-e-type=\"section\" data-settings=\"{&quot;background_background&quot;:&quot;classic&quot;}\">\n\t\t\t\t\t\t<div class=\"elementor-container elementor-column-gap-default\">\n\t\t\t\t\t<div class=\"elementor-column elementor-col-50 elementor-top-column elementor-element elementor-element-93f5b93\" data-id=\"93f5b93\" data-element_type=\"column\" data-e-type=\"column\">\n\t\t\t<div class=\"elementor-widget-wrap elementor-element-populated\">\n\t\t\t\t\t\t<div class=\"elementor-element elementor-element-277ead6 elementor-widget elementor-widget-text-editor\" data-id=\"277ead6\" data-element_type=\"widget\" data-e-type=\"widget\" data-widget_type=\"text-editor.default\">\n\t\t\t\t<div class=\"elementor-widget-container\">\n\t\t\t\t\t\t\t\t\t<h2><strong><span style=\"color: #00a097;\">Comment nous d\u00e9livrons<\/span><\/strong>\u00a0notre service<\/h2>\t\t\t\t\t\t\t\t<\/div>\n\t\t\t\t<\/div>\n\t\t\t\t<div class=\"elementor-element elementor-element-3af8ee2 elementor-widget-divider--view-line elementor-widget elementor-widget-divider\" data-id=\"3af8ee2\" data-element_type=\"widget\" data-e-type=\"widget\" data-widget_type=\"divider.default\">\n\t\t\t\t<div class=\"elementor-widget-container\">\n\t\t\t\t\t\t\t<div class=\"elementor-divider\">\n\t\t\t<span class=\"elementor-divider-separator\">\n\t\t\t\t\t\t<\/span>\n\t\t<\/div>\n\t\t\t\t\t\t<\/div>\n\t\t\t\t<\/div>\n\t\t\t\t\t<\/div>\n\t\t<\/div>\n\t\t\t\t<div class=\"elementor-column elementor-col-50 elementor-top-column elementor-element elementor-element-51fc7fa\" data-id=\"51fc7fa\" data-element_type=\"column\" data-e-type=\"column\" data-settings=\"{&quot;background_background&quot;:&quot;classic&quot;}\">\n\t\t\t<div class=\"elementor-widget-wrap\">\n\t\t\t\t\t\t\t<\/div>\n\t\t<\/div>\n\t\t\t\t\t<\/div>\n\t\t<\/section>\n\t\t\t\t<section class=\"elementor-section elementor-top-section elementor-element elementor-element-80b702f elementor-section-content-middle elementor-section-boxed elementor-section-height-default elementor-section-height-default\" data-id=\"80b702f\" data-element_type=\"section\" data-e-type=\"section\" data-settings=\"{&quot;background_background&quot;:&quot;classic&quot;}\">\n\t\t\t\t\t\t<div class=\"elementor-container elementor-column-gap-default\">\n\t\t\t\t\t<div class=\"elementor-column elementor-col-50 elementor-top-column elementor-element elementor-element-1194bd7\" data-id=\"1194bd7\" data-element_type=\"column\" data-e-type=\"column\">\n\t\t\t<div class=\"elementor-widget-wrap elementor-element-populated\">\n\t\t\t\t\t\t<div class=\"elementor-element elementor-element-8a4c78a elementor-widget elementor-widget-text-editor\" data-id=\"8a4c78a\" data-element_type=\"widget\" data-e-type=\"widget\" data-widget_type=\"text-editor.default\">\n\t\t\t\t<div class=\"elementor-widget-container\">\n\t\t\t\t\t\t\t\t\t<p>L&rsquo;un des \u00e9l\u00e9ments cl\u00e9s de notre approche est <strong>la r\u00e9alisation d&rsquo;une analyse approfondie du march\u00e9 et de la cat\u00e9gorie<\/strong>. En examinant les tendances historiques, actuelles et futures, nous pouvons identifier le comportement et les pr\u00e9f\u00e9rences des consommateurs, ce qui nous permet de cr\u00e9er de la valeur et susciter de l&rsquo;int\u00e9r\u00eat pour vos produits. Cette connaissance est d&rsquo;une importance particuli\u00e8re pour les d\u00e9taillants, qui veulent s&rsquo;assurer qu&rsquo;ils offrent des produits r\u00e9pondant aux besoins et aux d\u00e9sirs de leurs clients.<\/p>\t\t\t\t\t\t\t\t<\/div>\n\t\t\t\t<\/div>\n\t\t\t\t\t<\/div>\n\t\t<\/div>\n\t\t\t\t<div class=\"elementor-column elementor-col-50 elementor-top-column elementor-element elementor-element-af28c1d\" data-id=\"af28c1d\" data-element_type=\"column\" data-e-type=\"column\" data-settings=\"{&quot;background_background&quot;:&quot;classic&quot;}\">\n\t\t\t<div class=\"elementor-widget-wrap elementor-element-populated\">\n\t\t\t\t\t\t<div class=\"elementor-element elementor-element-c31f7bc elementor-widget elementor-widget-image\" data-id=\"c31f7bc\" data-element_type=\"widget\" data-e-type=\"widget\" data-widget_type=\"image.default\">\n\t\t\t\t<div class=\"elementor-widget-container\">\n\t\t\t\t\t\t\t\t\t\t\t\t\t\t\t<img decoding=\"async\" src=\"https:\/\/pricing.one\/wp-content\/uploads\/elementor\/thumbs\/p1-market-analysis-scaled-qbyyj0s966ct6q9hskcluekcaf7wdwuci2kpzpsm4g.jpg\" title=\"p1-market-analysis\" alt=\"PricingOne Market Analysis\" loading=\"lazy\" \/>\t\t\t\t\t\t\t\t\t\t\t\t\t\t\t<\/div>\n\t\t\t\t<\/div>\n\t\t\t\t\t<\/div>\n\t\t<\/div>\n\t\t\t\t\t<\/div>\n\t\t<\/section>\n\t\t\t\t<section class=\"elementor-section elementor-top-section elementor-element elementor-element-fc22d6f elementor-section-content-middle elementor-section-boxed elementor-section-height-default elementor-section-height-default\" data-id=\"fc22d6f\" data-element_type=\"section\" data-e-type=\"section\" data-settings=\"{&quot;background_background&quot;:&quot;classic&quot;}\">\n\t\t\t\t\t\t<div class=\"elementor-container elementor-column-gap-default\">\n\t\t\t\t\t<div class=\"elementor-column elementor-col-50 elementor-top-column elementor-element elementor-element-1263035\" data-id=\"1263035\" data-element_type=\"column\" data-e-type=\"column\" data-settings=\"{&quot;background_background&quot;:&quot;classic&quot;}\">\n\t\t\t<div class=\"elementor-widget-wrap elementor-element-populated\">\n\t\t\t\t\t\t<div class=\"elementor-element elementor-element-d02f566 elementor-widget elementor-widget-image\" data-id=\"d02f566\" data-element_type=\"widget\" data-e-type=\"widget\" data-widget_type=\"image.default\">\n\t\t\t\t<div class=\"elementor-widget-container\">\n\t\t\t\t\t\t\t\t\t\t\t\t\t\t\t<img decoding=\"async\" src=\"https:\/\/pricing.one\/wp-content\/uploads\/elementor\/thumbs\/p1-rgm-plan-scaled-qbyyn9zy466jr62xxwksmtwh488q8kqlf4wv7thfy8.jpg\" title=\"p1-rgm-plan\" alt=\"PricingOne Retailer Gross Margin Plan\" loading=\"lazy\" \/>\t\t\t\t\t\t\t\t\t\t\t\t\t\t\t<\/div>\n\t\t\t\t<\/div>\n\t\t\t\t\t<\/div>\n\t\t<\/div>\n\t\t\t\t<div class=\"elementor-column elementor-col-50 elementor-top-column elementor-element elementor-element-4884a10\" data-id=\"4884a10\" data-element_type=\"column\" data-e-type=\"column\">\n\t\t\t<div class=\"elementor-widget-wrap elementor-element-populated\">\n\t\t\t\t\t\t<div class=\"elementor-element elementor-element-f518ce8 elementor-widget elementor-widget-text-editor\" data-id=\"f518ce8\" data-element_type=\"widget\" data-e-type=\"widget\" data-widget_type=\"text-editor.default\">\n\t\t\t\t<div class=\"elementor-widget-container\">\n\t\t\t\t\t\t\t\t\t<p>Dans cette optique, <strong>nous travaillons avec votre \u00e9quipe pour \u00e9laborer un plan de marge brute adapt\u00e9 \u00e0 chaque d\u00e9taillant individuel<\/strong>. Ce plan comprend une vari\u00e9t\u00e9 de piliers sp\u00e9cialis\u00e9s tels que l&rsquo;architecture des packs de prix, la tarification, les promotions et l&rsquo;optimisation du mix, tous con\u00e7us pour diff\u00e9rencier vos produits et les rendre plus attrayants pour les d\u00e9taillants. Nous travaillons en \u00e9troite collaboration avec votre \u00e9quipe pour r\u00e9pondre aux questions cruciales sur les strat\u00e9gies de tarification et de promotion, en veillant \u00e0 ce que notre approche soit adapt\u00e9e aux besoins uniques de chaque d\u00e9taillant.<\/p>\t\t\t\t\t\t\t\t<\/div>\n\t\t\t\t<\/div>\n\t\t\t\t\t<\/div>\n\t\t<\/div>\n\t\t\t\t\t<\/div>\n\t\t<\/section>\n\t\t\t\t<section class=\"elementor-section elementor-top-section elementor-element elementor-element-818ce7d elementor-section-content-middle elementor-section-boxed elementor-section-height-default elementor-section-height-default\" data-id=\"818ce7d\" data-element_type=\"section\" data-e-type=\"section\" data-settings=\"{&quot;background_background&quot;:&quot;classic&quot;}\">\n\t\t\t\t\t\t<div class=\"elementor-container elementor-column-gap-default\">\n\t\t\t\t\t<div class=\"elementor-column elementor-col-50 elementor-top-column elementor-element elementor-element-4528d18\" data-id=\"4528d18\" data-element_type=\"column\" data-e-type=\"column\">\n\t\t\t<div class=\"elementor-widget-wrap elementor-element-populated\">\n\t\t\t\t\t\t<div class=\"elementor-element elementor-element-bae65cf elementor-widget elementor-widget-text-editor\" data-id=\"bae65cf\" data-element_type=\"widget\" data-e-type=\"widget\" data-widget_type=\"text-editor.default\">\n\t\t\t\t<div class=\"elementor-widget-container\">\n\t\t\t\t\t\t\t\t\t<p>En se concentrant sur une cr\u00e9ation de valeur triple pour les consommateurs, les fabricants et les d\u00e9taillants, <strong>notre approche construit un succ\u00e8s \u00e0 long terme pour toutes les parties impliqu\u00e9es<\/strong>. En cr\u00e9ant un processus de vente solide, nous pouvons contribuer \u00e0 garantir que vos produits b\u00e9n\u00e9ficient d&rsquo;une visibilit\u00e9 maximale et de ventes positives en magasin. En fin de compte, cela conduit \u00e0 un r\u00e9seau de distribution plus solide et \u00e0 des ventes accrues pour votre entreprise, vous permettant d&rsquo;atteindre vos objectifs et de r\u00e9ussir sur le march\u00e9.<\/p>\t\t\t\t\t\t\t\t<\/div>\n\t\t\t\t<\/div>\n\t\t\t\t\t<\/div>\n\t\t<\/div>\n\t\t\t\t<div class=\"elementor-column elementor-col-50 elementor-top-column elementor-element elementor-element-18fb67c\" data-id=\"18fb67c\" data-element_type=\"column\" data-e-type=\"column\" data-settings=\"{&quot;background_background&quot;:&quot;classic&quot;}\">\n\t\t\t<div class=\"elementor-widget-wrap elementor-element-populated\">\n\t\t\t\t\t\t<div class=\"elementor-element elementor-element-475595c elementor-widget elementor-widget-image\" data-id=\"475595c\" data-element_type=\"widget\" data-e-type=\"widget\" data-widget_type=\"image.default\">\n\t\t\t\t<div class=\"elementor-widget-container\">\n\t\t\t\t\t\t\t\t\t\t\t\t\t\t\t<img decoding=\"async\" src=\"https:\/\/pricing.one\/wp-content\/uploads\/elementor\/thumbs\/PricingOne-career-3-q0kjr634fsi9vmutmvvtgylcoogjxq21ttt7sh5a80.jpeg\" title=\"Businesspeople handshaking after deal or interview\" alt=\"PricingOne success\" loading=\"lazy\" \/>\t\t\t\t\t\t\t\t\t\t\t\t\t\t\t<\/div>\n\t\t\t\t<\/div>\n\t\t\t\t\t<\/div>\n\t\t<\/div>\n\t\t\t\t\t<\/div>\n\t\t<\/section>\n\t\t\t\t<\/div>\n\t\t","protected":false},"excerpt":{"rendered":"<p>Plan d&rsquo;ex\u00e9cution par enseigne\/canal de distribution Nous traduisons la strat\u00e9gie RGM (Revenue Growth Management) en plans d&rsquo;ex\u00e9cution sp\u00e9cifiques \u00e0 chaque enseignes\/canals de distribution, stimulant la Croissance de la Cat\u00e9gorie et les Marges Commerciales. Nous connaissons l&rsquo;importance cruciale de politiques de vente efficaces pour dynamiser le processus et assurer le succ\u00e8s des ventes. Notre objectif est [&hellip;]<\/p>\n","protected":false},"author":1,"featured_media":0,"parent":4671,"menu_order":1,"comment_status":"closed","ping_status":"closed","template":"","meta":{"footnotes":""},"class_list":["post-5414","page","type-page","status-publish","hentry"],"yoast_head":"<!-- This site is optimized with the Yoast SEO plugin v27.3 - https:\/\/yoast.com\/product\/yoast-seo-wordpress\/ -->\n<title>B\u00e9n\u00e9fices pour les d\u00e9taillants - PricingOne<\/title>\n<meta name=\"robots\" content=\"index, follow, max-snippet:-1, max-image-preview:large, max-video-preview:-1\" \/>\n<link rel=\"canonical\" href=\"https:\/\/pricing.one\/fr\/services\/benefices-pour-les-detaillants\/\" \/>\n<meta property=\"og:locale\" content=\"fr_FR\" \/>\n<meta property=\"og:type\" content=\"article\" \/>\n<meta property=\"og:title\" content=\"B\u00e9n\u00e9fices pour les d\u00e9taillants - PricingOne\" \/>\n<meta property=\"og:description\" content=\"Plan d&rsquo;ex\u00e9cution par enseigne\/canal de distribution Nous traduisons la strat\u00e9gie RGM (Revenue Growth Management) en plans d&rsquo;ex\u00e9cution sp\u00e9cifiques \u00e0 chaque enseignes\/canals de distribution, stimulant la Croissance de la Cat\u00e9gorie et les Marges Commerciales. Nous connaissons l&rsquo;importance cruciale de politiques de vente efficaces pour dynamiser le processus et assurer le succ\u00e8s des ventes. Notre objectif est [&hellip;]\" \/>\n<meta property=\"og:url\" content=\"https:\/\/pricing.one\/fr\/services\/benefices-pour-les-detaillants\/\" \/>\n<meta property=\"og:site_name\" content=\"PricingOne\" \/>\n<meta property=\"article:modified_time\" content=\"2024-09-29T09:08:46+00:00\" \/>\n<meta property=\"og:image\" content=\"https:\/\/pricing.one\/wp-content\/uploads\/2023\/09\/p1-retailer-plan-768x312.png\" \/>\n<meta name=\"twitter:card\" content=\"summary_large_image\" \/>\n<meta name=\"twitter:label1\" content=\"Dur\u00e9e de lecture estim\u00e9e\" \/>\n\t<meta name=\"twitter:data1\" content=\"4 minutes\" \/>\n<script type=\"application\/ld+json\" class=\"yoast-schema-graph\">{\"@context\":\"https:\\\/\\\/schema.org\",\"@graph\":[{\"@type\":\"WebPage\",\"@id\":\"https:\\\/\\\/pricing.one\\\/fr\\\/services\\\/benefices-pour-les-detaillants\\\/\",\"url\":\"https:\\\/\\\/pricing.one\\\/fr\\\/services\\\/benefices-pour-les-detaillants\\\/\",\"name\":\"B\u00e9n\u00e9fices pour les d\u00e9taillants - PricingOne\",\"isPartOf\":{\"@id\":\"https:\\\/\\\/pricing.one\\\/fr\\\/#website\"},\"primaryImageOfPage\":{\"@id\":\"https:\\\/\\\/pricing.one\\\/fr\\\/services\\\/benefices-pour-les-detaillants\\\/#primaryimage\"},\"image\":{\"@id\":\"https:\\\/\\\/pricing.one\\\/fr\\\/services\\\/benefices-pour-les-detaillants\\\/#primaryimage\"},\"thumbnailUrl\":\"https:\\\/\\\/pricing.one\\\/wp-content\\\/uploads\\\/2023\\\/09\\\/p1-retailer-plan-768x312.png\",\"datePublished\":\"2023-09-05T15:30:03+00:00\",\"dateModified\":\"2024-09-29T09:08:46+00:00\",\"breadcrumb\":{\"@id\":\"https:\\\/\\\/pricing.one\\\/fr\\\/services\\\/benefices-pour-les-detaillants\\\/#breadcrumb\"},\"inLanguage\":\"fr-FR\",\"potentialAction\":[{\"@type\":\"ReadAction\",\"target\":[\"https:\\\/\\\/pricing.one\\\/fr\\\/services\\\/benefices-pour-les-detaillants\\\/\"]}]},{\"@type\":\"ImageObject\",\"inLanguage\":\"fr-FR\",\"@id\":\"https:\\\/\\\/pricing.one\\\/fr\\\/services\\\/benefices-pour-les-detaillants\\\/#primaryimage\",\"url\":\"https:\\\/\\\/pricing.one\\\/wp-content\\\/uploads\\\/2023\\\/09\\\/p1-retailer-plan-768x312.png\",\"contentUrl\":\"https:\\\/\\\/pricing.one\\\/wp-content\\\/uploads\\\/2023\\\/09\\\/p1-retailer-plan-768x312.png\"},{\"@type\":\"BreadcrumbList\",\"@id\":\"https:\\\/\\\/pricing.one\\\/fr\\\/services\\\/benefices-pour-les-detaillants\\\/#breadcrumb\",\"itemListElement\":[{\"@type\":\"ListItem\",\"position\":1,\"name\":\"PricingOne\",\"item\":\"https:\\\/\\\/pricing.one\\\/fr\\\/\"},{\"@type\":\"ListItem\",\"position\":2,\"name\":\"Services\",\"item\":\"https:\\\/\\\/pricing.one\\\/fr\\\/services\\\/\"},{\"@type\":\"ListItem\",\"position\":3,\"name\":\"B\u00e9n\u00e9fices pour les d\u00e9taillants\"}]},{\"@type\":\"WebSite\",\"@id\":\"https:\\\/\\\/pricing.one\\\/fr\\\/#website\",\"url\":\"https:\\\/\\\/pricing.one\\\/fr\\\/\",\"name\":\"PricingOne\",\"description\":\"We unlock growth where others can&#039;t\",\"publisher\":{\"@id\":\"https:\\\/\\\/pricing.one\\\/fr\\\/#organization\"},\"potentialAction\":[{\"@type\":\"SearchAction\",\"target\":{\"@type\":\"EntryPoint\",\"urlTemplate\":\"https:\\\/\\\/pricing.one\\\/fr\\\/?s={search_term_string}\"},\"query-input\":{\"@type\":\"PropertyValueSpecification\",\"valueRequired\":true,\"valueName\":\"search_term_string\"}}],\"inLanguage\":\"fr-FR\"},{\"@type\":\"Organization\",\"@id\":\"https:\\\/\\\/pricing.one\\\/fr\\\/#organization\",\"name\":\"PricingOne\",\"url\":\"https:\\\/\\\/pricing.one\\\/fr\\\/\",\"logo\":{\"@type\":\"ImageObject\",\"inLanguage\":\"fr-FR\",\"@id\":\"https:\\\/\\\/pricing.one\\\/fr\\\/#\\\/schema\\\/logo\\\/image\\\/\",\"url\":\"https:\\\/\\\/pricing.one\\\/wp-content\\\/uploads\\\/2022\\\/09\\\/logo-pricing-one.png\",\"contentUrl\":\"https:\\\/\\\/pricing.one\\\/wp-content\\\/uploads\\\/2022\\\/09\\\/logo-pricing-one.png\",\"width\":1799,\"height\":552,\"caption\":\"PricingOne\"},\"image\":{\"@id\":\"https:\\\/\\\/pricing.one\\\/fr\\\/#\\\/schema\\\/logo\\\/image\\\/\"},\"sameAs\":[\"https:\\\/\\\/www.linkedin.com\\\/company\\\/pricingone\\\/?viewAsMember=true\"]}]}<\/script>\n<!-- \/ Yoast SEO plugin. -->","yoast_head_json":{"title":"B\u00e9n\u00e9fices pour les d\u00e9taillants - PricingOne","robots":{"index":"index","follow":"follow","max-snippet":"max-snippet:-1","max-image-preview":"max-image-preview:large","max-video-preview":"max-video-preview:-1"},"canonical":"https:\/\/pricing.one\/fr\/services\/benefices-pour-les-detaillants\/","og_locale":"fr_FR","og_type":"article","og_title":"B\u00e9n\u00e9fices pour les d\u00e9taillants - PricingOne","og_description":"Plan d&rsquo;ex\u00e9cution par enseigne\/canal de distribution Nous traduisons la strat\u00e9gie RGM (Revenue Growth Management) en plans d&rsquo;ex\u00e9cution sp\u00e9cifiques \u00e0 chaque enseignes\/canals de distribution, stimulant la Croissance de la Cat\u00e9gorie et les Marges Commerciales. Nous connaissons l&rsquo;importance cruciale de politiques de vente efficaces pour dynamiser le processus et assurer le succ\u00e8s des ventes. Notre objectif est [&hellip;]","og_url":"https:\/\/pricing.one\/fr\/services\/benefices-pour-les-detaillants\/","og_site_name":"PricingOne","article_modified_time":"2024-09-29T09:08:46+00:00","og_image":[{"url":"https:\/\/pricing.one\/wp-content\/uploads\/2023\/09\/p1-retailer-plan-768x312.png","type":"","width":"","height":""}],"twitter_card":"summary_large_image","twitter_misc":{"Dur\u00e9e de lecture estim\u00e9e":"4 minutes"},"schema":{"@context":"https:\/\/schema.org","@graph":[{"@type":"WebPage","@id":"https:\/\/pricing.one\/fr\/services\/benefices-pour-les-detaillants\/","url":"https:\/\/pricing.one\/fr\/services\/benefices-pour-les-detaillants\/","name":"B\u00e9n\u00e9fices pour les d\u00e9taillants - PricingOne","isPartOf":{"@id":"https:\/\/pricing.one\/fr\/#website"},"primaryImageOfPage":{"@id":"https:\/\/pricing.one\/fr\/services\/benefices-pour-les-detaillants\/#primaryimage"},"image":{"@id":"https:\/\/pricing.one\/fr\/services\/benefices-pour-les-detaillants\/#primaryimage"},"thumbnailUrl":"https:\/\/pricing.one\/wp-content\/uploads\/2023\/09\/p1-retailer-plan-768x312.png","datePublished":"2023-09-05T15:30:03+00:00","dateModified":"2024-09-29T09:08:46+00:00","breadcrumb":{"@id":"https:\/\/pricing.one\/fr\/services\/benefices-pour-les-detaillants\/#breadcrumb"},"inLanguage":"fr-FR","potentialAction":[{"@type":"ReadAction","target":["https:\/\/pricing.one\/fr\/services\/benefices-pour-les-detaillants\/"]}]},{"@type":"ImageObject","inLanguage":"fr-FR","@id":"https:\/\/pricing.one\/fr\/services\/benefices-pour-les-detaillants\/#primaryimage","url":"https:\/\/pricing.one\/wp-content\/uploads\/2023\/09\/p1-retailer-plan-768x312.png","contentUrl":"https:\/\/pricing.one\/wp-content\/uploads\/2023\/09\/p1-retailer-plan-768x312.png"},{"@type":"BreadcrumbList","@id":"https:\/\/pricing.one\/fr\/services\/benefices-pour-les-detaillants\/#breadcrumb","itemListElement":[{"@type":"ListItem","position":1,"name":"PricingOne","item":"https:\/\/pricing.one\/fr\/"},{"@type":"ListItem","position":2,"name":"Services","item":"https:\/\/pricing.one\/fr\/services\/"},{"@type":"ListItem","position":3,"name":"B\u00e9n\u00e9fices pour les d\u00e9taillants"}]},{"@type":"WebSite","@id":"https:\/\/pricing.one\/fr\/#website","url":"https:\/\/pricing.one\/fr\/","name":"PricingOne","description":"We unlock growth where others can&#039;t","publisher":{"@id":"https:\/\/pricing.one\/fr\/#organization"},"potentialAction":[{"@type":"SearchAction","target":{"@type":"EntryPoint","urlTemplate":"https:\/\/pricing.one\/fr\/?s={search_term_string}"},"query-input":{"@type":"PropertyValueSpecification","valueRequired":true,"valueName":"search_term_string"}}],"inLanguage":"fr-FR"},{"@type":"Organization","@id":"https:\/\/pricing.one\/fr\/#organization","name":"PricingOne","url":"https:\/\/pricing.one\/fr\/","logo":{"@type":"ImageObject","inLanguage":"fr-FR","@id":"https:\/\/pricing.one\/fr\/#\/schema\/logo\/image\/","url":"https:\/\/pricing.one\/wp-content\/uploads\/2022\/09\/logo-pricing-one.png","contentUrl":"https:\/\/pricing.one\/wp-content\/uploads\/2022\/09\/logo-pricing-one.png","width":1799,"height":552,"caption":"PricingOne"},"image":{"@id":"https:\/\/pricing.one\/fr\/#\/schema\/logo\/image\/"},"sameAs":["https:\/\/www.linkedin.com\/company\/pricingone\/?viewAsMember=true"]}]}},"_links":{"self":[{"href":"https:\/\/pricing.one\/fr\/wp-json\/wp\/v2\/pages\/5414","targetHints":{"allow":["GET"]}}],"collection":[{"href":"https:\/\/pricing.one\/fr\/wp-json\/wp\/v2\/pages"}],"about":[{"href":"https:\/\/pricing.one\/fr\/wp-json\/wp\/v2\/types\/page"}],"author":[{"embeddable":true,"href":"https:\/\/pricing.one\/fr\/wp-json\/wp\/v2\/users\/1"}],"replies":[{"embeddable":true,"href":"https:\/\/pricing.one\/fr\/wp-json\/wp\/v2\/comments?post=5414"}],"version-history":[{"count":29,"href":"https:\/\/pricing.one\/fr\/wp-json\/wp\/v2\/pages\/5414\/revisions"}],"predecessor-version":[{"id":6348,"href":"https:\/\/pricing.one\/fr\/wp-json\/wp\/v2\/pages\/5414\/revisions\/6348"}],"up":[{"embeddable":true,"href":"https:\/\/pricing.one\/fr\/wp-json\/wp\/v2\/pages\/4671"}],"wp:attachment":[{"href":"https:\/\/pricing.one\/fr\/wp-json\/wp\/v2\/media?parent=5414"}],"curies":[{"name":"wp","href":"https:\/\/api.w.org\/{rel}","templated":true}]}}